{"id":13241,"date":"2023-05-22T07:12:39","date_gmt":"2023-05-22T07:12:39","guid":{"rendered":"https:\/\/sierravillas.es\/sobre-las-villas\/"},"modified":"2026-03-04T07:45:38","modified_gmt":"2026-03-04T07:45:38","slug":"sobre-las-villas","status":"publish","type":"page","link":"https:\/\/sierravillas.es\/es\/sobre-las-villas\/","title":{"rendered":"sobre las villas"},"content":{"rendered":"\t\t<div data-elementor-type=\"wp-page\" data-elementor-id=\"13241\" class=\"elementor elementor-13241 elementor-8109\">\n\t\t\t\t\t\t<section class=\"elementor-section elementor-top-section elementor-element elementor-element-98b4400 elementor-section-boxed elementor-section-height-default elementor-section-height-default\" data-id=\"98b4400\" data-element_type=\"section\" data-settings=\"{&quot;background_background&quot;:&quot;classic&quot;}\">\n\t\t\t\t\t\t<div class=\"elementor-container elementor-column-gap-default\">\n\t\t\t\t\t<div class=\"elementor-column elementor-col-100 elementor-top-column elementor-element elementor-element-d980dde\" data-id=\"d980dde\" data-element_type=\"column\">\n\t\t\t<div class=\"elementor-widget-wrap elementor-element-populated\">\n\t\t\t\t\t\t<div class=\"elementor-element elementor-element-7881482 elementor-widget elementor-widget-heading\" data-id=\"7881482\" data-element_type=\"widget\" data-widget_type=\"heading.default\">\n\t\t\t\t<div class=\"elementor-widget-container\">\n\t\t\t\t\t<h2 class=\"elementor-heading-title elementor-size-default\">sobre las villas<\/h2>\t\t\t\t<\/div>\n\t\t\t\t<\/div>\n\t\t\t\t\t<\/div>\n\t\t<\/div>\n\t\t\t\t\t<\/div>\n\t\t<\/section>\n\t\t\t\t<section class=\"elementor-section elementor-top-section elementor-element elementor-element-ae88d85 elementor-section-full_width elementor-section-height-default elementor-section-height-default\" data-id=\"ae88d85\" data-element_type=\"section\">\n\t\t\t\t\t\t<div class=\"elementor-container elementor-column-gap-no\">\n\t\t\t\t\t<div class=\"elementor-column elementor-col-50 elementor-top-column elementor-element elementor-element-69706ab\" data-id=\"69706ab\" data-element_type=\"column\" data-settings=\"{&quot;background_background&quot;:&quot;classic&quot;}\">\n\t\t\t<div class=\"elementor-widget-wrap elementor-element-populated\">\n\t\t\t\t\t<div class=\"elementor-background-overlay\"><\/div>\n\t\t\t\t\t\t<div class=\"elementor-element elementor-element-9c4b75f elementor-widget elementor-widget-heading\" data-id=\"9c4b75f\" data-element_type=\"widget\" data-widget_type=\"heading.default\">\n\t\t\t\t<div class=\"elementor-widget-container\">\n\t\t\t\t\t<h2 class=\"elementor-heading-title elementor-size-default\">casa dominika<\/h2>\t\t\t\t<\/div>\n\t\t\t\t<\/div>\n\t\t\t\t<div class=\"elementor-element elementor-element-5d6abe5 elementor-align-center elementor-widget elementor-widget-button\" data-id=\"5d6abe5\" data-element_type=\"widget\" data-widget_type=\"button.default\">\n\t\t\t\t<div class=\"elementor-widget-container\">\n\t\t\t\t\t\t\t\t\t<div class=\"elementor-button-wrapper\">\n\t\t\t\t\t<a class=\"elementor-button elementor-button-link elementor-size-sm\" href=\"https:\/\/sierravillas.es\/es\/casa-dominika\/\">\n\t\t\t\t\t\t<span class=\"elementor-button-content-wrapper\">\n\t\t\t\t\t\t\t\t\t<span class=\"elementor-button-text\">mais sobre a vila<\/span>\n\t\t\t\t\t<\/span>\n\t\t\t\t\t<\/a>\n\t\t\t\t<\/div>\n\t\t\t\t\t\t\t\t<\/div>\n\t\t\t\t<\/div>\n\t\t\t\t\t<\/div>\n\t\t<\/div>\n\t\t\t\t<div class=\"elementor-column elementor-col-50 elementor-top-column elementor-element elementor-element-89d239f\" data-id=\"89d239f\" data-element_type=\"column\" data-settings=\"{&quot;background_background&quot;:&quot;classic&quot;}\">\n\t\t\t<div class=\"elementor-widget-wrap elementor-element-populated\">\n\t\t\t\t\t<div class=\"elementor-background-overlay\"><\/div>\n\t\t\t\t\t\t<div class=\"elementor-element elementor-element-22d2a71 elementor-widget elementor-widget-heading\" data-id=\"22d2a71\" data-element_type=\"widget\" data-widget_type=\"heading.default\">\n\t\t\t\t<div class=\"elementor-widget-container\">\n\t\t\t\t\t<h2 class=\"elementor-heading-title elementor-size-default\">casa thea<\/h2>\t\t\t\t<\/div>\n\t\t\t\t<\/div>\n\t\t\t\t<div class=\"elementor-element elementor-element-a89c993 elementor-align-center elementor-widget elementor-widget-button\" data-id=\"a89c993\" data-element_type=\"widget\" data-widget_type=\"button.default\">\n\t\t\t\t<div class=\"elementor-widget-container\">\n\t\t\t\t\t\t\t\t\t<div class=\"elementor-button-wrapper\">\n\t\t\t\t\t<a class=\"elementor-button elementor-button-link elementor-size-sm\" href=\"https:\/\/sierravillas.es\/es\/casa-thea\/\">\n\t\t\t\t\t\t<span class=\"elementor-button-content-wrapper\">\n\t\t\t\t\t\t\t\t\t<span class=\"elementor-button-text\">mais sobre a vila<\/span>\n\t\t\t\t\t<\/span>\n\t\t\t\t\t<\/a>\n\t\t\t\t<\/div>\n\t\t\t\t\t\t\t\t<\/div>\n\t\t\t\t<\/div>\n\t\t\t\t\t<\/div>\n\t\t<\/div>\n\t\t\t\t\t<\/div>\n\t\t<\/section>\n\t\t\t\t<section class=\"elementor-section elementor-top-section elementor-element elementor-element-642a696f elementor-section-full_width elementor-section-height-default elementor-section-height-default\" data-id=\"642a696f\" data-element_type=\"section\">\n\t\t\t\t\t\t<div class=\"elementor-container elementor-column-gap-wide\">\n\t\t\t\t\t<div class=\"elementor-column elementor-col-16 elementor-top-column elementor-element elementor-element-fba0446\" data-id=\"fba0446\" data-element_type=\"column\">\n\t\t\t<div class=\"elementor-widget-wrap elementor-element-populated\">\n\t\t\t\t\t\t<div class=\"elementor-element elementor-element-21cef47 elementor-position-top elementor-widget elementor-widget-image-box\" data-id=\"21cef47\" data-element_type=\"widget\" data-widget_type=\"image-box.default\">\n\t\t\t\t<div class=\"elementor-widget-container\">\n\t\t\t\t\t<div class=\"elementor-image-box-wrapper\"><figure class=\"elementor-image-box-img\"><img fetchpriority=\"high\" decoding=\"async\" width=\"300\" height=\"300\" src=\"https:\/\/sierravillas.es\/wp-content\/uploads\/2023\/07\/swimming-pool-1-300x300.webp\" class=\"attachment-medium size-medium wp-image-9150\" alt=\"\" srcset=\"https:\/\/sierravillas.es\/wp-content\/uploads\/2023\/07\/swimming-pool-1-300x300.webp 300w, https:\/\/sierravillas.es\/wp-content\/uploads\/2023\/07\/swimming-pool-1-150x150.webp 150w, https:\/\/sierravillas.es\/wp-content\/uploads\/2023\/07\/swimming-pool-1-100x100.webp 100w, https:\/\/sierravillas.es\/wp-content\/uploads\/2023\/07\/swimming-pool-1.webp 512w\" sizes=\"(max-width: 300px) 100vw, 300px\" \/><\/figure><div class=\"elementor-image-box-content\"><h3 class=\"elementor-image-box-title\">piscina en la terraza<\/h3><\/div><\/div>\t\t\t\t<\/div>\n\t\t\t\t<\/div>\n\t\t\t\t\t<\/div>\n\t\t<\/div>\n\t\t\t\t<div class=\"elementor-column elementor-col-16 elementor-top-column elementor-element elementor-element-283ae574\" data-id=\"283ae574\" data-element_type=\"column\">\n\t\t\t<div class=\"elementor-widget-wrap elementor-element-populated\">\n\t\t\t\t\t\t<div class=\"elementor-element elementor-element-5f72db88 elementor-position-top elementor-widget elementor-widget-image-box\" data-id=\"5f72db88\" data-element_type=\"widget\" data-widget_type=\"image-box.default\">\n\t\t\t\t<div class=\"elementor-widget-container\">\n\t\t\t\t\t<div class=\"elementor-image-box-wrapper\"><figure class=\"elementor-image-box-img\"><img decoding=\"async\" width=\"300\" height=\"300\" src=\"https:\/\/sierravillas.es\/wp-content\/uploads\/2023\/07\/wifi-300x300.webp\" class=\"attachment-medium size-medium wp-image-9151\" alt=\"\" srcset=\"https:\/\/sierravillas.es\/wp-content\/uploads\/2023\/07\/wifi-300x300.webp 300w, https:\/\/sierravillas.es\/wp-content\/uploads\/2023\/07\/wifi-150x150.webp 150w, https:\/\/sierravillas.es\/wp-content\/uploads\/2023\/07\/wifi-100x100.webp 100w, https:\/\/sierravillas.es\/wp-content\/uploads\/2023\/07\/wifi.webp 512w\" sizes=\"(max-width: 300px) 100vw, 300px\" \/><\/figure><div class=\"elementor-image-box-content\"><h3 class=\"elementor-image-box-title\">Wi-Fi gratuito en toda la casa<\/h3><\/div><\/div>\t\t\t\t<\/div>\n\t\t\t\t<\/div>\n\t\t\t\t\t<\/div>\n\t\t<\/div>\n\t\t\t\t<div class=\"elementor-column elementor-col-16 elementor-top-column elementor-element elementor-element-1ebd845b\" data-id=\"1ebd845b\" data-element_type=\"column\">\n\t\t\t<div class=\"elementor-widget-wrap elementor-element-populated\">\n\t\t\t\t\t\t<div class=\"elementor-element elementor-element-111f3e23 elementor-position-top elementor-widget elementor-widget-image-box\" data-id=\"111f3e23\" data-element_type=\"widget\" data-widget_type=\"image-box.default\">\n\t\t\t\t<div class=\"elementor-widget-container\">\n\t\t\t\t\t<div class=\"elementor-image-box-wrapper\"><figure class=\"elementor-image-box-img\"><img decoding=\"async\" width=\"300\" height=\"300\" src=\"https:\/\/sierravillas.es\/wp-content\/uploads\/2023\/07\/mountain-300x300.webp\" class=\"attachment-medium size-medium wp-image-9152\" alt=\"\" srcset=\"https:\/\/sierravillas.es\/wp-content\/uploads\/2023\/07\/mountain-300x300.webp 300w, https:\/\/sierravillas.es\/wp-content\/uploads\/2023\/07\/mountain-150x150.webp 150w, https:\/\/sierravillas.es\/wp-content\/uploads\/2023\/07\/mountain-100x100.webp 100w, https:\/\/sierravillas.es\/wp-content\/uploads\/2023\/07\/mountain.webp 512w\" sizes=\"(max-width: 300px) 100vw, 300px\" \/><\/figure><div class=\"elementor-image-box-content\"><h3 class=\"elementor-image-box-title\">hermosa ubicaci\u00f3n<\/h3><\/div><\/div>\t\t\t\t<\/div>\n\t\t\t\t<\/div>\n\t\t\t\t\t<\/div>\n\t\t<\/div>\n\t\t\t\t<div class=\"elementor-column elementor-col-16 elementor-top-column elementor-element elementor-element-11fa0af3\" data-id=\"11fa0af3\" data-element_type=\"column\">\n\t\t\t<div class=\"elementor-widget-wrap elementor-element-populated\">\n\t\t\t\t\t\t<div class=\"elementor-element elementor-element-4e7878e1 elementor-position-top elementor-widget elementor-widget-image-box\" data-id=\"4e7878e1\" data-element_type=\"widget\" data-widget_type=\"image-box.default\">\n\t\t\t\t<div class=\"elementor-widget-container\">\n\t\t\t\t\t<div class=\"elementor-image-box-wrapper\"><figure class=\"elementor-image-box-img\"><img loading=\"lazy\" decoding=\"async\" width=\"300\" height=\"300\" src=\"https:\/\/sierravillas.es\/wp-content\/uploads\/2023\/07\/tray-1-300x300.png\" class=\"attachment-medium size-medium wp-image-9209\" alt=\"\" srcset=\"https:\/\/sierravillas.es\/wp-content\/uploads\/2023\/07\/tray-1-300x300.png 300w, https:\/\/sierravillas.es\/wp-content\/uploads\/2023\/07\/tray-1-150x150.png 150w, https:\/\/sierravillas.es\/wp-content\/uploads\/2023\/07\/tray-1-100x100.png 100w, https:\/\/sierravillas.es\/wp-content\/uploads\/2023\/07\/tray-1.png 512w\" sizes=\"(max-width: 300px) 100vw, 300px\" \/><\/figure><div class=\"elementor-image-box-content\"><h3 class=\"elementor-image-box-title\">restaurantes en los alrededores<\/h3><\/div><\/div>\t\t\t\t<\/div>\n\t\t\t\t<\/div>\n\t\t\t\t\t<\/div>\n\t\t<\/div>\n\t\t\t\t<div class=\"elementor-column elementor-col-16 elementor-top-column elementor-element elementor-element-081c964\" data-id=\"081c964\" data-element_type=\"column\">\n\t\t\t<div class=\"elementor-widget-wrap elementor-element-populated\">\n\t\t\t\t\t\t<div class=\"elementor-element elementor-element-5398ca1 elementor-position-top elementor-widget elementor-widget-image-box\" data-id=\"5398ca1\" data-element_type=\"widget\" data-widget_type=\"image-box.default\">\n\t\t\t\t<div class=\"elementor-widget-container\">\n\t\t\t\t\t<div class=\"elementor-image-box-wrapper\"><figure class=\"elementor-image-box-img\"><img loading=\"lazy\" decoding=\"async\" width=\"300\" height=\"300\" src=\"https:\/\/sierravillas.es\/wp-content\/uploads\/2026\/03\/piktogram_zakaz-koureni-1-300x300.png\" class=\"attachment-medium size-medium wp-image-13787\" alt=\"\" srcset=\"https:\/\/sierravillas.es\/wp-content\/uploads\/2026\/03\/piktogram_zakaz-koureni-1-300x300.png 300w, https:\/\/sierravillas.es\/wp-content\/uploads\/2026\/03\/piktogram_zakaz-koureni-1-150x150.png 150w, https:\/\/sierravillas.es\/wp-content\/uploads\/2026\/03\/piktogram_zakaz-koureni-1.png 512w\" sizes=\"(max-width: 300px) 100vw, 300px\" \/><\/figure><div class=\"elementor-image-box-content\"><h3 class=\"elementor-image-box-title\">prohibici\u00f3n de fumar<\/h3><\/div><\/div>\t\t\t\t<\/div>\n\t\t\t\t<\/div>\n\t\t\t\t\t<\/div>\n\t\t<\/div>\n\t\t\t\t<div class=\"elementor-column elementor-col-16 elementor-top-column elementor-element elementor-element-e22e3ad\" data-id=\"e22e3ad\" data-element_type=\"column\">\n\t\t\t<div class=\"elementor-widget-wrap elementor-element-populated\">\n\t\t\t\t\t\t<div class=\"elementor-element elementor-element-0ca54b6 elementor-position-top elementor-widget elementor-widget-image-box\" data-id=\"0ca54b6\" data-element_type=\"widget\" data-widget_type=\"image-box.default\">\n\t\t\t\t<div class=\"elementor-widget-container\">\n\t\t\t\t\t<div class=\"elementor-image-box-wrapper\"><figure class=\"elementor-image-box-img\"><img loading=\"lazy\" decoding=\"async\" width=\"300\" height=\"300\" src=\"https:\/\/sierravillas.es\/wp-content\/uploads\/2026\/03\/piktogram_zakaz-psu_2-1-300x300.png\" class=\"attachment-medium size-medium wp-image-13783\" alt=\"\" srcset=\"https:\/\/sierravillas.es\/wp-content\/uploads\/2026\/03\/piktogram_zakaz-psu_2-1-300x300.png 300w, https:\/\/sierravillas.es\/wp-content\/uploads\/2026\/03\/piktogram_zakaz-psu_2-1-150x150.png 150w, https:\/\/sierravillas.es\/wp-content\/uploads\/2026\/03\/piktogram_zakaz-psu_2-1.png 512w\" sizes=\"(max-width: 300px) 100vw, 300px\" \/><\/figure><div class=\"elementor-image-box-content\"><h3 class=\"elementor-image-box-title\">prohibici\u00f3n de perros<\/h3><\/div><\/div>\t\t\t\t<\/div>\n\t\t\t\t<\/div>\n\t\t\t\t\t<\/div>\n\t\t<\/div>\n\t\t\t\t\t<\/div>\n\t\t<\/section>\n\t\t\t\t<section class=\"elementor-section elementor-top-section elementor-element elementor-element-21e847ed elementor-section-boxed elementor-section-height-default elementor-section-height-default\" data-id=\"21e847ed\" data-element_type=\"section\">\n\t\t\t\t\t\t<div class=\"elementor-container elementor-column-gap-default\">\n\t\t\t\t\t<div class=\"elementor-column elementor-col-100 elementor-top-column elementor-element elementor-element-5f785ffe\" data-id=\"5f785ffe\" data-element_type=\"column\">\n\t\t\t<div class=\"elementor-widget-wrap elementor-element-populated\">\n\t\t\t\t\t\t<div class=\"elementor-element elementor-element-e996727 elementor-widget elementor-widget-heading\" data-id=\"e996727\" data-element_type=\"widget\" data-widget_type=\"heading.default\">\n\t\t\t\t<div class=\"elementor-widget-container\">\n\t\t\t\t\t<h2 class=\"elementor-heading-title elementor-size-default\">Para m\u00e1s informaci\u00f3n, no dude en contactarnos.<\/h2>\t\t\t\t<\/div>\n\t\t\t\t<\/div>\n\t\t\t\t<div class=\"elementor-element elementor-element-69a3e65d elementor-align-center elementor-widget elementor-widget-button\" data-id=\"69a3e65d\" data-element_type=\"widget\" data-widget_type=\"button.default\">\n\t\t\t\t<div class=\"elementor-widget-container\">\n\t\t\t\t\t\t\t\t\t<div class=\"elementor-button-wrapper\">\n\t\t\t\t\t<a class=\"elementor-button elementor-button-link elementor-size-sm\" href=\"\/kontakt\/\">\n\t\t\t\t\t\t<span class=\"elementor-button-content-wrapper\">\n\t\t\t\t\t\t\t\t\t<span class=\"elementor-button-text\">Cont\u00e1ctenos<\/span>\n\t\t\t\t\t<\/span>\n\t\t\t\t\t<\/a>\n\t\t\t\t<\/div>\n\t\t\t\t\t\t\t\t<\/div>\n\t\t\t\t<\/div>\n\t\t\t\t\t<\/div>\n\t\t<\/div>\n\t\t\t\t\t<\/div>\n\t\t<\/section>\n\t\t\t\t<section class=\"elementor-section elementor-top-section elementor-element elementor-element-72208b4 elementor-hidden-desktop elementor-hidden-laptop elementor-hidden-tablet elementor-hidden-mobile elementor-section-boxed elementor-section-height-default elementor-section-height-default\" data-id=\"72208b4\" data-element_type=\"section\">\n\t\t\t\t\t\t<div class=\"elementor-container elementor-column-gap-default\">\n\t\t\t\t\t<div class=\"elementor-column elementor-col-100 elementor-top-column elementor-element elementor-element-1e641a9\" data-id=\"1e641a9\" data-element_type=\"column\">\n\t\t\t<div class=\"elementor-widget-wrap elementor-element-populated\">\n\t\t\t\t\t\t<div class=\"elementor-element elementor-element-22c7d35 elementor-widget elementor-widget-shortcode\" data-id=\"22c7d35\" data-element_type=\"widget\" data-widget_type=\"shortcode.default\">\n\t\t\t\t<div class=\"elementor-widget-container\">\n\t\t\t\t\t\t\t<div class=\"elementor-shortcode\"><p class=\"wpcf7-contact-form-not-found\"><strong>Error:<\/strong> Formulario de contacto no encontrado.<\/p><\/div>\n\t\t\t\t\t\t<\/div>\n\t\t\t\t<\/div>\n\t\t\t\t\t<\/div>\n\t\t<\/div>\n\t\t\t\t\t<\/div>\n\t\t<\/section>\n\t\t\t\t<\/div>\n\t\t","protected":false},"excerpt":{"rendered":"<p>sobre las villas casa dominika mais sobre a vila casa thea mais sobre a vila piscina en la terraza Wi-Fi gratuito en toda la casa hermosa ubicaci\u00f3n restaurantes en los alrededores prohibici\u00f3n de fumar prohibici\u00f3n de perros Para m\u00e1s informaci\u00f3n, no dude en contactarnos. Cont\u00e1ctenos<\/p>\n","protected":false},"author":2,"featured_media":13110,"parent":0,"menu_order":0,"comment_status":"closed","ping_status":"closed","template":"elementor_header_footer","meta":{"footnotes":""},"class_list":["post-13241","page","type-page","status-publish","has-post-thumbnail","hentry"],"yoast_head":"<!-- This site is optimized with the Yoast SEO plugin v25.8 - https:\/\/yoast.com\/wordpress\/plugins\/seo\/ -->\n<title>sobre las villas - Sieravillas.es<\/title>\n<meta name=\"description\" content=\"Villas de lujo en Sierra Villas: Disfrute de unas vacaciones inolvidables en nuestras elegantes villas en Espa\u00f1a.\" \/>\n<meta name=\"robots\" content=\"index, follow, max-snippet:-1, max-image-preview:large, max-video-preview:-1\" \/>\n<link rel=\"canonical\" href=\"https:\/\/sierravillas.es\/es\/sobre-las-villas\/\" \/>\n<meta property=\"og:locale\" content=\"es_ES\" \/>\n<meta property=\"og:type\" content=\"article\" \/>\n<meta property=\"og:title\" content=\"sobre las villas - Sieravillas.es\" \/>\n<meta property=\"og:description\" content=\"Villas de lujo en Sierra Villas: Disfrute de unas vacaciones inolvidables en nuestras elegantes villas en Espa\u00f1a.\" \/>\n<meta property=\"og:url\" content=\"https:\/\/sierravillas.es\/es\/sobre-las-villas\/\" \/>\n<meta property=\"og:site_name\" content=\"Sieravillas.es\" \/>\n<meta property=\"article:modified_time\" content=\"2026-03-04T07:45:38+00:00\" \/>\n<meta property=\"og:image\" content=\"https:\/\/sierravillas.es\/wp-content\/uploads\/2023\/09\/0P5A8005-min.webp\" \/>\n\t<meta property=\"og:image:width\" content=\"2500\" \/>\n\t<meta property=\"og:image:height\" content=\"1681\" \/>\n\t<meta property=\"og:image:type\" content=\"image\/webp\" \/>\n<meta name=\"twitter:card\" content=\"summary_large_image\" \/>\n<meta name=\"twitter:label1\" content=\"Tiempo de lectura\" \/>\n\t<meta name=\"twitter:data1\" content=\"2 minutos\" \/>\n<script type=\"application\/ld+json\" class=\"yoast-schema-graph\">{\"@context\":\"https:\/\/schema.org\",\"@graph\":[{\"@type\":\"WebPage\",\"@id\":\"https:\/\/sierravillas.es\/es\/sobre-las-villas\/\",\"url\":\"https:\/\/sierravillas.es\/es\/sobre-las-villas\/\",\"name\":\"sobre las villas - Sieravillas.es\",\"isPartOf\":{\"@id\":\"https:\/\/sierravillas.es\/#website\"},\"primaryImageOfPage\":{\"@id\":\"https:\/\/sierravillas.es\/es\/sobre-las-villas\/#primaryimage\"},\"image\":{\"@id\":\"https:\/\/sierravillas.es\/es\/sobre-las-villas\/#primaryimage\"},\"thumbnailUrl\":\"https:\/\/sierravillas.es\/wp-content\/uploads\/2023\/09\/0P5A8005-min.webp\",\"datePublished\":\"2023-05-22T07:12:39+00:00\",\"dateModified\":\"2026-03-04T07:45:38+00:00\",\"description\":\"Villas de lujo en Sierra Villas: Disfrute de unas vacaciones inolvidables en nuestras elegantes villas en Espa\u00f1a.\",\"breadcrumb\":{\"@id\":\"https:\/\/sierravillas.es\/es\/sobre-las-villas\/#breadcrumb\"},\"inLanguage\":\"es\",\"potentialAction\":[{\"@type\":\"ReadAction\",\"target\":[\"https:\/\/sierravillas.es\/es\/sobre-las-villas\/\"]}]},{\"@type\":\"ImageObject\",\"inLanguage\":\"es\",\"@id\":\"https:\/\/sierravillas.es\/es\/sobre-las-villas\/#primaryimage\",\"url\":\"https:\/\/sierravillas.es\/wp-content\/uploads\/2023\/09\/0P5A8005-min.webp\",\"contentUrl\":\"https:\/\/sierravillas.es\/wp-content\/uploads\/2023\/09\/0P5A8005-min.webp\",\"width\":2500,\"height\":1681},{\"@type\":\"BreadcrumbList\",\"@id\":\"https:\/\/sierravillas.es\/es\/sobre-las-villas\/#breadcrumb\",\"itemListElement\":[{\"@type\":\"ListItem\",\"position\":1,\"name\":\"Dom\u016f\",\"item\":\"https:\/\/sierravillas.es\/es\/\"},{\"@type\":\"ListItem\",\"position\":2,\"name\":\"sobre las villas\"}]},{\"@type\":\"WebSite\",\"@id\":\"https:\/\/sierravillas.es\/#website\",\"url\":\"https:\/\/sierravillas.es\/\",\"name\":\"Sieravillas.es\",\"description\":\"Villa\",\"alternateName\":\"luxusn\u00ed \u0161pan\u011blsk\u00e1 rezidence s v\u00fdhledem na mo\u0159e\",\"potentialAction\":[{\"@type\":\"SearchAction\",\"target\":{\"@type\":\"EntryPoint\",\"urlTemplate\":\"https:\/\/sierravillas.es\/?s={search_term_string}\"},\"query-input\":{\"@type\":\"PropertyValueSpecification\",\"valueRequired\":true,\"valueName\":\"search_term_string\"}}],\"inLanguage\":\"es\"}]}<\/script>\n<!-- \/ Yoast SEO plugin. -->","yoast_head_json":{"title":"sobre las villas - Sieravillas.es","description":"Villas de lujo en Sierra Villas: Disfrute de unas vacaciones inolvidables en nuestras elegantes villas en Espa\u00f1a.","robots":{"index":"index","follow":"follow","max-snippet":"max-snippet:-1","max-image-preview":"max-image-preview:large","max-video-preview":"max-video-preview:-1"},"canonical":"https:\/\/sierravillas.es\/es\/sobre-las-villas\/","og_locale":"es_ES","og_type":"article","og_title":"sobre las villas - Sieravillas.es","og_description":"Villas de lujo en Sierra Villas: Disfrute de unas vacaciones inolvidables en nuestras elegantes villas en Espa\u00f1a.","og_url":"https:\/\/sierravillas.es\/es\/sobre-las-villas\/","og_site_name":"Sieravillas.es","article_modified_time":"2026-03-04T07:45:38+00:00","og_image":[{"width":2500,"height":1681,"url":"https:\/\/sierravillas.es\/wp-content\/uploads\/2023\/09\/0P5A8005-min.webp","type":"image\/webp"}],"twitter_card":"summary_large_image","twitter_misc":{"Tiempo de lectura":"2 minutos"},"schema":{"@context":"https:\/\/schema.org","@graph":[{"@type":"WebPage","@id":"https:\/\/sierravillas.es\/es\/sobre-las-villas\/","url":"https:\/\/sierravillas.es\/es\/sobre-las-villas\/","name":"sobre las villas - Sieravillas.es","isPartOf":{"@id":"https:\/\/sierravillas.es\/#website"},"primaryImageOfPage":{"@id":"https:\/\/sierravillas.es\/es\/sobre-las-villas\/#primaryimage"},"image":{"@id":"https:\/\/sierravillas.es\/es\/sobre-las-villas\/#primaryimage"},"thumbnailUrl":"https:\/\/sierravillas.es\/wp-content\/uploads\/2023\/09\/0P5A8005-min.webp","datePublished":"2023-05-22T07:12:39+00:00","dateModified":"2026-03-04T07:45:38+00:00","description":"Villas de lujo en Sierra Villas: Disfrute de unas vacaciones inolvidables en nuestras elegantes villas en Espa\u00f1a.","breadcrumb":{"@id":"https:\/\/sierravillas.es\/es\/sobre-las-villas\/#breadcrumb"},"inLanguage":"es","potentialAction":[{"@type":"ReadAction","target":["https:\/\/sierravillas.es\/es\/sobre-las-villas\/"]}]},{"@type":"ImageObject","inLanguage":"es","@id":"https:\/\/sierravillas.es\/es\/sobre-las-villas\/#primaryimage","url":"https:\/\/sierravillas.es\/wp-content\/uploads\/2023\/09\/0P5A8005-min.webp","contentUrl":"https:\/\/sierravillas.es\/wp-content\/uploads\/2023\/09\/0P5A8005-min.webp","width":2500,"height":1681},{"@type":"BreadcrumbList","@id":"https:\/\/sierravillas.es\/es\/sobre-las-villas\/#breadcrumb","itemListElement":[{"@type":"ListItem","position":1,"name":"Dom\u016f","item":"https:\/\/sierravillas.es\/es\/"},{"@type":"ListItem","position":2,"name":"sobre las villas"}]},{"@type":"WebSite","@id":"https:\/\/sierravillas.es\/#website","url":"https:\/\/sierravillas.es\/","name":"Sieravillas.es","description":"Villa","alternateName":"luxusn\u00ed \u0161pan\u011blsk\u00e1 rezidence s v\u00fdhledem na mo\u0159e","potentialAction":[{"@type":"SearchAction","target":{"@type":"EntryPoint","urlTemplate":"https:\/\/sierravillas.es\/?s={search_term_string}"},"query-input":{"@type":"PropertyValueSpecification","valueRequired":true,"valueName":"search_term_string"}}],"inLanguage":"es"}]}},"_links":{"self":[{"href":"https:\/\/sierravillas.es\/es\/wp-json\/wp\/v2\/pages\/13241","targetHints":{"allow":["GET"]}}],"collection":[{"href":"https:\/\/sierravillas.es\/es\/wp-json\/wp\/v2\/pages"}],"about":[{"href":"https:\/\/sierravillas.es\/es\/wp-json\/wp\/v2\/types\/page"}],"author":[{"embeddable":true,"href":"https:\/\/sierravillas.es\/es\/wp-json\/wp\/v2\/users\/2"}],"replies":[{"embeddable":true,"href":"https:\/\/sierravillas.es\/es\/wp-json\/wp\/v2\/comments?post=13241"}],"version-history":[{"count":8,"href":"https:\/\/sierravillas.es\/es\/wp-json\/wp\/v2\/pages\/13241\/revisions"}],"predecessor-version":[{"id":13887,"href":"https:\/\/sierravillas.es\/es\/wp-json\/wp\/v2\/pages\/13241\/revisions\/13887"}],"wp:featuredmedia":[{"embeddable":true,"href":"https:\/\/sierravillas.es\/es\/wp-json\/wp\/v2\/media\/13110"}],"wp:attachment":[{"href":"https:\/\/sierravillas.es\/es\/wp-json\/wp\/v2\/media?parent=13241"}],"curies":[{"name":"wp","href":"https:\/\/api.w.org\/{rel}","templated":true}]}}