{"id":13180,"date":"2023-06-08T07:42:11","date_gmt":"2023-06-08T07:42:11","guid":{"rendered":"https:\/\/sierravillas.es\/contact-information\/"},"modified":"2025-07-18T08:23:05","modified_gmt":"2025-07-18T08:23:05","slug":"contact-information","status":"publish","type":"page","link":"https:\/\/sierravillas.es\/en\/contact-information\/","title":{"rendered":"Contact Information"},"content":{"rendered":"\t\t<div data-elementor-type=\"wp-page\" data-elementor-id=\"13180\" class=\"elementor elementor-13180 elementor-8565\">\n\t\t\t\t\t\t<section class=\"elementor-section elementor-top-section elementor-element elementor-element-8bf81ee elementor-section-boxed elementor-section-height-default elementor-section-height-default\" data-id=\"8bf81ee\" data-element_type=\"section\" data-settings=\"{&quot;background_background&quot;:&quot;classic&quot;}\">\n\t\t\t\t\t\t<div class=\"elementor-container elementor-column-gap-default\">\n\t\t\t\t\t<div class=\"elementor-column elementor-col-100 elementor-top-column elementor-element elementor-element-c6afcda\" data-id=\"c6afcda\" data-element_type=\"column\">\n\t\t\t<div class=\"elementor-widget-wrap elementor-element-populated\">\n\t\t\t\t\t\t<div class=\"elementor-element elementor-element-5d1a287 elementor-widget elementor-widget-heading\" data-id=\"5d1a287\" data-element_type=\"widget\" data-widget_type=\"heading.default\">\n\t\t\t\t<div class=\"elementor-widget-container\">\n\t\t\t\t\t<h2 class=\"elementor-heading-title elementor-size-default\">Contacts <\/h2>\t\t\t\t<\/div>\n\t\t\t\t<\/div>\n\t\t\t\t\t<\/div>\n\t\t<\/div>\n\t\t\t\t\t<\/div>\n\t\t<\/section>\n\t\t\t\t<section class=\"elementor-section elementor-top-section elementor-element elementor-element-cb9f21e elementor-section-boxed elementor-section-height-default elementor-section-height-default\" data-id=\"cb9f21e\" data-element_type=\"section\" data-settings=\"{&quot;background_background&quot;:&quot;classic&quot;}\">\n\t\t\t\t\t\t<div class=\"elementor-container elementor-column-gap-wide\">\n\t\t\t\t\t<div class=\"elementor-column elementor-col-50 elementor-top-column elementor-element elementor-element-4b4c425\" data-id=\"4b4c425\" data-element_type=\"column\">\n\t\t\t<div class=\"elementor-widget-wrap elementor-element-populated\">\n\t\t\t\t\t\t<div class=\"elementor-element elementor-element-6f7d1cc elementor-widget elementor-widget-heading\" data-id=\"6f7d1cc\" data-element_type=\"widget\" data-widget_type=\"heading.default\">\n\t\t\t\t<div class=\"elementor-widget-container\">\n\t\t\t\t\t<h2 class=\"elementor-heading-title elementor-size-default\">Frequently Asked Questions<\/h2>\t\t\t\t<\/div>\n\t\t\t\t<\/div>\n\t\t\t\t<div class=\"elementor-element elementor-element-3c7945f elementor-widget elementor-widget-eael-adv-accordion\" data-id=\"3c7945f\" data-element_type=\"widget\" data-widget_type=\"eael-adv-accordion.default\">\n\t\t\t\t<div class=\"elementor-widget-container\">\n\t\t\t\t\t        <div class=\"eael-adv-accordion\" id=\"eael-adv-accordion-3c7945f\" data-scroll-on-click=\"no\" data-scroll-speed=\"300\" data-accordion-id=\"3c7945f\" data-accordion-type=\"accordion\" data-toogle-speed=\"300\">\n    <div class=\"eael-accordion-list\">\n                <div id=\"how-do-i-get-there\" class=\"elementor-tab-title eael-accordion-header\" tabindex=\"0\" data-tab=\"1\" aria-controls=\"elementor-tab-content-6341\"><span class=\"eael-advanced-accordion-icon-closed\"><i aria-hidden=\"true\" class=\"fa-accordion-icon fas fa-plus\"><\/i><\/span><span class=\"eael-advanced-accordion-icon-opened\"><i aria-hidden=\"true\" class=\"fa-accordion-icon fas fa-minus\"><\/i><\/span><span class=\"eael-accordion-tab-title\">How do I get there?<\/span><i aria-hidden=\"true\" class=\"fa-toggle fas fa-angle-right\"><\/i><\/div><div id=\"elementor-tab-content-6341\" class=\"eael-accordion-content clearfix\" data-tab=\"1\" aria-labelledby=\"how-do-i-get-there\"><p>By flying to Alicante, Malaga, or Almeria with subsequent car transport.<\/p>\n<\/div>\n                <\/div><\/div>\t\t\t\t<\/div>\n\t\t\t\t<\/div>\n\t\t\t\t<div class=\"elementor-element elementor-element-91ce34b elementor-widget elementor-widget-heading\" data-id=\"91ce34b\" data-element_type=\"widget\" data-widget_type=\"heading.default\">\n\t\t\t\t<div class=\"elementor-widget-container\">\n\t\t\t\t\t<h2 class=\"elementor-heading-title elementor-size-default\">casa dominika<\/h2>\t\t\t\t<\/div>\n\t\t\t\t<\/div>\n\t\t\t\t<div class=\"elementor-element elementor-element-ea330d8 elementor-widget elementor-widget-text-editor\" data-id=\"ea330d8\" data-element_type=\"widget\" data-widget_type=\"text-editor.default\">\n\t\t\t\t<div class=\"elementor-widget-container\">\n\t\t\t\t\t\t\t\t\t<p><span style=\"color: #000000;\">Address: <a href=\"https:\/\/www.google.com\/maps\/place\/Cortijo+Cabrera\/@37.113882,-1.917865,16z\/data=!4m6!3m5!1s0xd7ad10ba34b1a4d:0x2dd81e04ab49afaa!8m2!3d37.1138824!4d-1.9178651!16s%2Fg%2F11glyc55qg?hl=cs&amp;entry=ttu&amp;g_ep=EgoyMDI1MDcxMy4wIKXMDSoASAFQAw%3D%3D\">Urbanizaci\u00f3n Cortijo Cabrera, 04639 Turre, Almer\u00eda, Spain<\/a><\/span><\/p><p><span style=\"color: #000000;\">Email: info@sierravillas.es<\/span><\/p>\t\t\t\t\t\t\t\t<\/div>\n\t\t\t\t<\/div>\n\t\t\t\t<div class=\"elementor-element elementor-element-df059a8 elementor-widget elementor-widget-html\" data-id=\"df059a8\" data-element_type=\"widget\" data-widget_type=\"html.default\">\n\t\t\t\t<div class=\"elementor-widget-container\">\n\t\t\t\t\t<iframe src=\"https:\/\/www.google.com\/maps\/embed?pb=!1m18!1m12!1m3!1d3181.6315736374886!2d-1.9204400236095323!3d37.11388664995334!2m3!1f0!2f0!3f0!3m2!1i1024!2i768!4f13.1!3m3!1m2!1s0xd7ad10ba34b1a4d%3A0x2dd81e04ab49afaa!2sCortijo%20Cabrera!5e0!3m2!1scs!2scz!4v1752758258431!5m2!1scs!2scz\" width=\"600\" height=\"450\" style=\"border:0;\" allowfullscreen=\"\" loading=\"lazy\" referrerpolicy=\"no-referrer-when-downgrade\"><\/iframe>\t\t\t\t<\/div>\n\t\t\t\t<\/div>\n\t\t\t\t<div class=\"elementor-element elementor-element-e68fa66 elementor-widget elementor-widget-heading\" data-id=\"e68fa66\" data-element_type=\"widget\" data-widget_type=\"heading.default\">\n\t\t\t\t<div class=\"elementor-widget-container\">\n\t\t\t\t\t<h2 class=\"elementor-heading-title elementor-size-default\">casa thea<\/h2>\t\t\t\t<\/div>\n\t\t\t\t<\/div>\n\t\t\t\t<div class=\"elementor-element elementor-element-c1159a4 elementor-widget elementor-widget-text-editor\" data-id=\"c1159a4\" data-element_type=\"widget\" data-widget_type=\"text-editor.default\">\n\t\t\t\t<div class=\"elementor-widget-container\">\n\t\t\t\t\t\t\t\t\t<p><span style=\"color: #000000;\">Address: <a href=\"https:\/\/www.google.com\/maps\/place\/Cortijo+Cabrera\/@37.1097,-1.917461,16z\/data=!4m6!3m5!1s0xd7ad10ba34b1a4d:0x2dd81e04ab49afaa!8m2!3d37.1138824!4d-1.9178651!16s%2Fg%2F11glyc55qg?hl=cs&amp;entry=ttu&amp;g_ep=EgoyMDI1MDcxMy4wIKXMDSoASAFQAw%3D%3D\">Avenida Sopalmo 14, 04639 Cortijo Cabrera, Almer\u00eda, Spain<\/a><\/span><\/p><p><span style=\"color: #000000;\">Email: info@sierravillas.es<\/span><\/p>\t\t\t\t\t\t\t\t<\/div>\n\t\t\t\t<\/div>\n\t\t\t\t<div class=\"elementor-element elementor-element-6df93ef elementor-widget elementor-widget-html\" data-id=\"6df93ef\" data-element_type=\"widget\" data-widget_type=\"html.default\">\n\t\t\t\t<div class=\"elementor-widget-container\">\n\t\t\t\t\t<iframe src=\"https:\/\/www.google.com\/maps\/embed?pb=!1m18!1m12!1m3!1d3181.8073101777773!2d-1.9200355236096818!3d37.109704050190906!2m3!1f0!2f0!3f0!3m2!1i1024!2i768!4f13.1!3m3!1m2!1s0xd7ada079cda3b07%3A0xb5333736dd410d7f!2sAv.%20de%20Sopalmo%2C%2014%2C%2004639%20Cortijo%20Cabrera%2C%20Almer%C3%ADa%2C%20%C5%A0pan%C4%9Blsko!5e0!3m2!1scs!2scz!4v1752757973097!5m2!1scs!2scz\" width=\"600\" height=\"450\" style=\"border:0;\" allowfullscreen=\"\" loading=\"lazy\" referrerpolicy=\"no-referrer-when-downgrade\"><\/iframe>\t\t\t\t<\/div>\n\t\t\t\t<\/div>\n\t\t\t\t\t<\/div>\n\t\t<\/div>\n\t\t\t\t<div class=\"elementor-column elementor-col-50 elementor-top-column elementor-element elementor-element-a630d24\" data-id=\"a630d24\" data-element_type=\"column\">\n\t\t\t<div class=\"elementor-widget-wrap elementor-element-populated\">\n\t\t\t\t\t\t<div class=\"elementor-element elementor-element-f0deda3 elementor-widget elementor-widget-shortcode\" data-id=\"f0deda3\" data-element_type=\"widget\" data-widget_type=\"shortcode.default\">\n\t\t\t\t<div class=\"elementor-widget-container\">\n\t\t\t\t\t\t\t<div class=\"elementor-shortcode\"><p class=\"wpcf7-contact-form-not-found\"><strong>Error:<\/strong> Contact form not found.<\/p><\/div>\n\t\t\t\t\t\t<\/div>\n\t\t\t\t<\/div>\n\t\t\t\t\t<\/div>\n\t\t<\/div>\n\t\t\t\t\t<\/div>\n\t\t<\/section>\n\t\t\t\t<\/div>\n\t\t","protected":false},"excerpt":{"rendered":"<p>Contacts Frequently Asked Questions How do I get there? By flying to Alicante, Malaga, or Almeria with subsequent car transport. casa dominika Address: Urbanizaci\u00f3n Cortijo Cabrera, 04639 Turre, Almer\u00eda, Spain Email: info@sierravillas.es casa thea Address: Avenida Sopalmo 14, 04639 Cortijo Cabrera, Almer\u00eda, Spain Email: info@sierravillas.es<\/p>\n","protected":false},"author":2,"featured_media":0,"parent":0,"menu_order":0,"comment_status":"closed","ping_status":"closed","template":"","meta":{"footnotes":""},"class_list":["post-13180","page","type-page","status-publish","hentry"],"yoast_head":"<!-- This site is optimized with the Yoast SEO plugin v25.8 - https:\/\/yoast.com\/wordpress\/plugins\/seo\/ -->\n<title>Contact Information - Sieravillas.es<\/title>\n<meta name=\"description\" content=\"Contact Sierra Villas - Stay in touch with us for reservations and inquiries regarding luxury villas in Spain\" \/>\n<meta name=\"robots\" content=\"index, follow, max-snippet:-1, max-image-preview:large, max-video-preview:-1\" \/>\n<link rel=\"canonical\" href=\"https:\/\/sierravillas.es\/en\/contact-information\/\" \/>\n<meta property=\"og:locale\" content=\"en_US\" \/>\n<meta property=\"og:type\" content=\"article\" \/>\n<meta property=\"og:title\" content=\"Contact Information - Sieravillas.es\" \/>\n<meta property=\"og:description\" content=\"Contact Sierra Villas - Stay in touch with us for reservations and inquiries regarding luxury villas in Spain\" \/>\n<meta property=\"og:url\" content=\"https:\/\/sierravillas.es\/en\/contact-information\/\" \/>\n<meta property=\"og:site_name\" content=\"Sieravillas.es\" \/>\n<meta property=\"article:modified_time\" content=\"2025-07-18T08:23:05+00:00\" \/>\n<meta name=\"twitter:card\" content=\"summary_large_image\" \/>\n<meta name=\"twitter:label1\" content=\"Est. reading time\" \/>\n\t<meta name=\"twitter:data1\" content=\"1 minute\" \/>\n<script type=\"application\/ld+json\" class=\"yoast-schema-graph\">{\"@context\":\"https:\/\/schema.org\",\"@graph\":[{\"@type\":\"WebPage\",\"@id\":\"https:\/\/sierravillas.es\/en\/contact-information\/\",\"url\":\"https:\/\/sierravillas.es\/en\/contact-information\/\",\"name\":\"Contact Information - Sieravillas.es\",\"isPartOf\":{\"@id\":\"https:\/\/sierravillas.es\/#website\"},\"datePublished\":\"2023-06-08T07:42:11+00:00\",\"dateModified\":\"2025-07-18T08:23:05+00:00\",\"description\":\"Contact Sierra Villas - Stay in touch with us for reservations and inquiries regarding luxury villas in Spain\",\"breadcrumb\":{\"@id\":\"https:\/\/sierravillas.es\/en\/contact-information\/#breadcrumb\"},\"inLanguage\":\"en-US\",\"potentialAction\":[{\"@type\":\"ReadAction\",\"target\":[\"https:\/\/sierravillas.es\/en\/contact-information\/\"]}]},{\"@type\":\"BreadcrumbList\",\"@id\":\"https:\/\/sierravillas.es\/en\/contact-information\/#breadcrumb\",\"itemListElement\":[{\"@type\":\"ListItem\",\"position\":1,\"name\":\"Dom\u016f\",\"item\":\"https:\/\/sierravillas.es\/en\/\"},{\"@type\":\"ListItem\",\"position\":2,\"name\":\"Contact Information\"}]},{\"@type\":\"WebSite\",\"@id\":\"https:\/\/sierravillas.es\/#website\",\"url\":\"https:\/\/sierravillas.es\/\",\"name\":\"Sieravillas.es\",\"description\":\"Villa\",\"alternateName\":\"luxusn\u00ed \u0161pan\u011blsk\u00e1 rezidence s v\u00fdhledem na mo\u0159e\",\"potentialAction\":[{\"@type\":\"SearchAction\",\"target\":{\"@type\":\"EntryPoint\",\"urlTemplate\":\"https:\/\/sierravillas.es\/?s={search_term_string}\"},\"query-input\":{\"@type\":\"PropertyValueSpecification\",\"valueRequired\":true,\"valueName\":\"search_term_string\"}}],\"inLanguage\":\"en-US\"}]}<\/script>\n<!-- \/ Yoast SEO plugin. -->","yoast_head_json":{"title":"Contact Information - Sieravillas.es","description":"Contact Sierra Villas - Stay in touch with us for reservations and inquiries regarding luxury villas in Spain","robots":{"index":"index","follow":"follow","max-snippet":"max-snippet:-1","max-image-preview":"max-image-preview:large","max-video-preview":"max-video-preview:-1"},"canonical":"https:\/\/sierravillas.es\/en\/contact-information\/","og_locale":"en_US","og_type":"article","og_title":"Contact Information - Sieravillas.es","og_description":"Contact Sierra Villas - Stay in touch with us for reservations and inquiries regarding luxury villas in Spain","og_url":"https:\/\/sierravillas.es\/en\/contact-information\/","og_site_name":"Sieravillas.es","article_modified_time":"2025-07-18T08:23:05+00:00","twitter_card":"summary_large_image","twitter_misc":{"Est. reading time":"1 minute"},"schema":{"@context":"https:\/\/schema.org","@graph":[{"@type":"WebPage","@id":"https:\/\/sierravillas.es\/en\/contact-information\/","url":"https:\/\/sierravillas.es\/en\/contact-information\/","name":"Contact Information - Sieravillas.es","isPartOf":{"@id":"https:\/\/sierravillas.es\/#website"},"datePublished":"2023-06-08T07:42:11+00:00","dateModified":"2025-07-18T08:23:05+00:00","description":"Contact Sierra Villas - Stay in touch with us for reservations and inquiries regarding luxury villas in Spain","breadcrumb":{"@id":"https:\/\/sierravillas.es\/en\/contact-information\/#breadcrumb"},"inLanguage":"en-US","potentialAction":[{"@type":"ReadAction","target":["https:\/\/sierravillas.es\/en\/contact-information\/"]}]},{"@type":"BreadcrumbList","@id":"https:\/\/sierravillas.es\/en\/contact-information\/#breadcrumb","itemListElement":[{"@type":"ListItem","position":1,"name":"Dom\u016f","item":"https:\/\/sierravillas.es\/en\/"},{"@type":"ListItem","position":2,"name":"Contact Information"}]},{"@type":"WebSite","@id":"https:\/\/sierravillas.es\/#website","url":"https:\/\/sierravillas.es\/","name":"Sieravillas.es","description":"Villa","alternateName":"luxusn\u00ed \u0161pan\u011blsk\u00e1 rezidence s v\u00fdhledem na mo\u0159e","potentialAction":[{"@type":"SearchAction","target":{"@type":"EntryPoint","urlTemplate":"https:\/\/sierravillas.es\/?s={search_term_string}"},"query-input":{"@type":"PropertyValueSpecification","valueRequired":true,"valueName":"search_term_string"}}],"inLanguage":"en-US"}]}},"_links":{"self":[{"href":"https:\/\/sierravillas.es\/en\/wp-json\/wp\/v2\/pages\/13180","targetHints":{"allow":["GET"]}}],"collection":[{"href":"https:\/\/sierravillas.es\/en\/wp-json\/wp\/v2\/pages"}],"about":[{"href":"https:\/\/sierravillas.es\/en\/wp-json\/wp\/v2\/types\/page"}],"author":[{"embeddable":true,"href":"https:\/\/sierravillas.es\/en\/wp-json\/wp\/v2\/users\/2"}],"replies":[{"embeddable":true,"href":"https:\/\/sierravillas.es\/en\/wp-json\/wp\/v2\/comments?post=13180"}],"version-history":[{"count":9,"href":"https:\/\/sierravillas.es\/en\/wp-json\/wp\/v2\/pages\/13180\/revisions"}],"predecessor-version":[{"id":13602,"href":"https:\/\/sierravillas.es\/en\/wp-json\/wp\/v2\/pages\/13180\/revisions\/13602"}],"wp:attachment":[{"href":"https:\/\/sierravillas.es\/en\/wp-json\/wp\/v2\/media?parent=13180"}],"curies":[{"name":"wp","href":"https:\/\/api.w.org\/{rel}","templated":true}]}}