{"id":13254,"date":"2024-02-29T12:09:13","date_gmt":"2024-02-29T12:09:13","guid":{"rendered":"https:\/\/sierravillas.es\/vielen-dank-fuer-ihre-buchung\/"},"modified":"2024-06-19T06:33:12","modified_gmt":"2024-06-19T06:33:12","slug":"vielen-dank-fuer-ihre-buchung","status":"publish","type":"page","link":"https:\/\/sierravillas.es\/de\/vielen-dank-fuer-ihre-buchung\/","title":{"rendered":"Vielen Dank f\u00fcr Ihre Buchung"},"content":{"rendered":"\t\t<div data-elementor-type=\"wp-page\" data-elementor-id=\"13254\" class=\"elementor elementor-13254 elementor-12306\">\n\t\t\t\t\t\t<section class=\"elementor-section elementor-top-section elementor-element elementor-element-0cf406d elementor-section-boxed elementor-section-height-default elementor-section-height-default\" data-id=\"0cf406d\" data-element_type=\"section\">\n\t\t\t\t\t\t<div class=\"elementor-container elementor-column-gap-default\">\n\t\t\t\t\t<div class=\"elementor-column elementor-col-100 elementor-top-column elementor-element elementor-element-77e97dc\" data-id=\"77e97dc\" data-element_type=\"column\">\n\t\t\t<div class=\"elementor-widget-wrap elementor-element-populated\">\n\t\t\t\t\t\t<div class=\"elementor-element elementor-element-d52775a elementor-widget elementor-widget-heading\" data-id=\"d52775a\" data-element_type=\"widget\" data-widget_type=\"heading.default\">\n\t\t\t\t<div class=\"elementor-widget-container\">\n\t\t\t\t\t<h1 class=\"elementor-heading-title elementor-size-default\">Vielen Dank f\u00fcr Ihre Buchung<\/h1>\t\t\t\t<\/div>\n\t\t\t\t<\/div>\n\t\t\t\t<div class=\"elementor-element elementor-element-b734b3d elementor-widget elementor-widget-heading\" data-id=\"b734b3d\" data-element_type=\"widget\" data-widget_type=\"heading.default\">\n\t\t\t\t<div class=\"elementor-widget-container\">\n\t\t\t\t\t<h2 class=\"elementor-heading-title elementor-size-default\">Bitte warten Sie auf die Best\u00e4tigung Ihrer Buchung.<\/h2>\t\t\t\t<\/div>\n\t\t\t\t<\/div>\n\t\t\t\t<div class=\"elementor-element elementor-element-bd246fb elementor-align-center elementor-tablet-align-center elementor-mobile-align-center elementor-widget elementor-widget-button\" data-id=\"bd246fb\" data-element_type=\"widget\" data-widget_type=\"button.default\">\n\t\t\t\t<div class=\"elementor-widget-container\">\n\t\t\t\t\t\t\t\t\t<div class=\"elementor-button-wrapper\">\n\t\t\t\t\t<a class=\"elementor-button elementor-button-link elementor-size-sm\" href=\"https:\/\/sierravillas.es\/de\/preise-und-reservierung\/\">\n\t\t\t\t\t\t<span class=\"elementor-button-content-wrapper\">\n\t\t\t\t\t\t\t\t\t<span class=\"elementor-button-text\">Einen weiteren Aufenthalt buchen<\/span>\n\t\t\t\t\t<\/span>\n\t\t\t\t\t<\/a>\n\t\t\t\t<\/div>\n\t\t\t\t\t\t\t\t<\/div>\n\t\t\t\t<\/div>\n\t\t\t\t\t<\/div>\n\t\t<\/div>\n\t\t\t\t\t<\/div>\n\t\t<\/section>\n\t\t\t\t<\/div>\n\t\t","protected":false},"excerpt":{"rendered":"<p>Vielen Dank f\u00fcr Ihre Buchung Bitte warten Sie auf die Best\u00e4tigung Ihrer Buchung. Einen weiteren Aufenthalt buchen<\/p>\n","protected":false},"author":2,"featured_media":0,"parent":0,"menu_order":0,"comment_status":"closed","ping_status":"closed","template":"","meta":{"footnotes":""},"class_list":["post-13254","page","type-page","status-publish","hentry"],"yoast_head":"<!-- This site is optimized with the Yoast SEO plugin v25.8 - https:\/\/yoast.com\/wordpress\/plugins\/seo\/ -->\n<title>Vielen Dank f\u00fcr Ihre Buchung - Sieravillas.es<\/title>\n<meta name=\"robots\" content=\"index, follow, max-snippet:-1, max-image-preview:large, max-video-preview:-1\" \/>\n<link rel=\"canonical\" href=\"https:\/\/sierravillas.es\/de\/vielen-dank-fuer-ihre-buchung\/\" \/>\n<meta property=\"og:locale\" content=\"de_DE\" \/>\n<meta property=\"og:type\" content=\"article\" \/>\n<meta property=\"og:title\" content=\"Vielen Dank f\u00fcr Ihre Buchung - Sieravillas.es\" \/>\n<meta property=\"og:description\" content=\"Vielen Dank f\u00fcr Ihre Buchung Bitte warten Sie auf die Best\u00e4tigung Ihrer Buchung. Einen weiteren Aufenthalt buchen\" \/>\n<meta property=\"og:url\" content=\"https:\/\/sierravillas.es\/de\/vielen-dank-fuer-ihre-buchung\/\" \/>\n<meta property=\"og:site_name\" content=\"Sieravillas.es\" \/>\n<meta property=\"article:modified_time\" content=\"2024-06-19T06:33:12+00:00\" \/>\n<meta name=\"twitter:card\" content=\"summary_large_image\" \/>\n<script type=\"application\/ld+json\" class=\"yoast-schema-graph\">{\"@context\":\"https:\/\/schema.org\",\"@graph\":[{\"@type\":\"WebPage\",\"@id\":\"https:\/\/sierravillas.es\/de\/vielen-dank-fuer-ihre-buchung\/\",\"url\":\"https:\/\/sierravillas.es\/de\/vielen-dank-fuer-ihre-buchung\/\",\"name\":\"Vielen Dank f\u00fcr Ihre Buchung - Sieravillas.es\",\"isPartOf\":{\"@id\":\"https:\/\/sierravillas.es\/#website\"},\"datePublished\":\"2024-02-29T12:09:13+00:00\",\"dateModified\":\"2024-06-19T06:33:12+00:00\",\"breadcrumb\":{\"@id\":\"https:\/\/sierravillas.es\/de\/vielen-dank-fuer-ihre-buchung\/#breadcrumb\"},\"inLanguage\":\"de\",\"potentialAction\":[{\"@type\":\"ReadAction\",\"target\":[\"https:\/\/sierravillas.es\/de\/vielen-dank-fuer-ihre-buchung\/\"]}]},{\"@type\":\"BreadcrumbList\",\"@id\":\"https:\/\/sierravillas.es\/de\/vielen-dank-fuer-ihre-buchung\/#breadcrumb\",\"itemListElement\":[{\"@type\":\"ListItem\",\"position\":1,\"name\":\"Dom\u016f\",\"item\":\"https:\/\/sierravillas.es\/de\/startseite\/\"},{\"@type\":\"ListItem\",\"position\":2,\"name\":\"Vielen Dank f\u00fcr Ihre Buchung\"}]},{\"@type\":\"WebSite\",\"@id\":\"https:\/\/sierravillas.es\/#website\",\"url\":\"https:\/\/sierravillas.es\/\",\"name\":\"Sieravillas.es\",\"description\":\"Villa\",\"alternateName\":\"luxusn\u00ed \u0161pan\u011blsk\u00e1 rezidence s v\u00fdhledem na mo\u0159e\",\"potentialAction\":[{\"@type\":\"SearchAction\",\"target\":{\"@type\":\"EntryPoint\",\"urlTemplate\":\"https:\/\/sierravillas.es\/?s={search_term_string}\"},\"query-input\":{\"@type\":\"PropertyValueSpecification\",\"valueRequired\":true,\"valueName\":\"search_term_string\"}}],\"inLanguage\":\"de\"}]}<\/script>\n<!-- \/ Yoast SEO plugin. -->","yoast_head_json":{"title":"Vielen Dank f\u00fcr Ihre Buchung - Sieravillas.es","robots":{"index":"index","follow":"follow","max-snippet":"max-snippet:-1","max-image-preview":"max-image-preview:large","max-video-preview":"max-video-preview:-1"},"canonical":"https:\/\/sierravillas.es\/de\/vielen-dank-fuer-ihre-buchung\/","og_locale":"de_DE","og_type":"article","og_title":"Vielen Dank f\u00fcr Ihre Buchung - Sieravillas.es","og_description":"Vielen Dank f\u00fcr Ihre Buchung Bitte warten Sie auf die Best\u00e4tigung Ihrer Buchung. Einen weiteren Aufenthalt buchen","og_url":"https:\/\/sierravillas.es\/de\/vielen-dank-fuer-ihre-buchung\/","og_site_name":"Sieravillas.es","article_modified_time":"2024-06-19T06:33:12+00:00","twitter_card":"summary_large_image","schema":{"@context":"https:\/\/schema.org","@graph":[{"@type":"WebPage","@id":"https:\/\/sierravillas.es\/de\/vielen-dank-fuer-ihre-buchung\/","url":"https:\/\/sierravillas.es\/de\/vielen-dank-fuer-ihre-buchung\/","name":"Vielen Dank f\u00fcr Ihre Buchung - Sieravillas.es","isPartOf":{"@id":"https:\/\/sierravillas.es\/#website"},"datePublished":"2024-02-29T12:09:13+00:00","dateModified":"2024-06-19T06:33:12+00:00","breadcrumb":{"@id":"https:\/\/sierravillas.es\/de\/vielen-dank-fuer-ihre-buchung\/#breadcrumb"},"inLanguage":"de","potentialAction":[{"@type":"ReadAction","target":["https:\/\/sierravillas.es\/de\/vielen-dank-fuer-ihre-buchung\/"]}]},{"@type":"BreadcrumbList","@id":"https:\/\/sierravillas.es\/de\/vielen-dank-fuer-ihre-buchung\/#breadcrumb","itemListElement":[{"@type":"ListItem","position":1,"name":"Dom\u016f","item":"https:\/\/sierravillas.es\/de\/startseite\/"},{"@type":"ListItem","position":2,"name":"Vielen Dank f\u00fcr Ihre Buchung"}]},{"@type":"WebSite","@id":"https:\/\/sierravillas.es\/#website","url":"https:\/\/sierravillas.es\/","name":"Sieravillas.es","description":"Villa","alternateName":"luxusn\u00ed \u0161pan\u011blsk\u00e1 rezidence s v\u00fdhledem na mo\u0159e","potentialAction":[{"@type":"SearchAction","target":{"@type":"EntryPoint","urlTemplate":"https:\/\/sierravillas.es\/?s={search_term_string}"},"query-input":{"@type":"PropertyValueSpecification","valueRequired":true,"valueName":"search_term_string"}}],"inLanguage":"de"}]}},"_links":{"self":[{"href":"https:\/\/sierravillas.es\/de\/wp-json\/wp\/v2\/pages\/13254","targetHints":{"allow":["GET"]}}],"collection":[{"href":"https:\/\/sierravillas.es\/de\/wp-json\/wp\/v2\/pages"}],"about":[{"href":"https:\/\/sierravillas.es\/de\/wp-json\/wp\/v2\/types\/page"}],"author":[{"embeddable":true,"href":"https:\/\/sierravillas.es\/de\/wp-json\/wp\/v2\/users\/2"}],"replies":[{"embeddable":true,"href":"https:\/\/sierravillas.es\/de\/wp-json\/wp\/v2\/comments?post=13254"}],"version-history":[{"count":1,"href":"https:\/\/sierravillas.es\/de\/wp-json\/wp\/v2\/pages\/13254\/revisions"}],"predecessor-version":[{"id":13255,"href":"https:\/\/sierravillas.es\/de\/wp-json\/wp\/v2\/pages\/13254\/revisions\/13255"}],"wp:attachment":[{"href":"https:\/\/sierravillas.es\/de\/wp-json\/wp\/v2\/media?parent=13254"}],"curies":[{"name":"wp","href":"https:\/\/api.w.org\/{rel}","templated":true}]}}